{"id":2104,"date":"2023-03-26T10:00:20","date_gmt":"2023-03-26T10:00:20","guid":{"rendered":"https:\/\/cozystay.loftocean.com\/countryside-lodge\/?page_id=23"},"modified":"2025-03-07T20:40:49","modified_gmt":"2025-03-07T20:40:49","slug":"consejos","status":"publish","type":"page","link":"https:\/\/lanovenacasarural.com\/en\/consejos\/","title":{"rendered":"Tips"},"content":{"rendered":"<div data-elementor-type=\"wp-page\" data-elementor-id=\"2104\" class=\"elementor elementor-2104\">\n\t\t\t\t\t\t<section class=\"elementor-section elementor-top-section elementor-element elementor-element-3269d21f elementor-section-height-min-height cs-section-content-fullwidth cs-parallax-on-scroll cs_scroll_y_100 elementor-section-boxed elementor-section-height-default elementor-section-items-middle\" data-id=\"3269d21f\" data-element_type=\"section\" data-settings=\"{&quot;background_background&quot;:&quot;classic&quot;}\" data-cs-parallax-y=\"100\" style=\"background-image: none;\" data-cs-background-image=\"http:\/\/lanovenacasarural.com\/wp-content\/uploads\/2024\/05\/DSC00066-Edit-Edit-min.jpg\">\n\t\t\t\t\t\t\t<div class=\"elementor-background-overlay\"><\/div>\n\t\t\t\t\t\t\t<div class=\"elementor-container elementor-column-gap-no\">\n\t\t\t\t\t<div class=\"elementor-column elementor-col-100 elementor-top-column elementor-element elementor-element-7665c9ba dark-color\" data-id=\"7665c9ba\" data-element_type=\"column\">\n\t\t\t<div class=\"elementor-widget-wrap elementor-element-populated\">\n\t\t\t\t\t\t<div class=\"elementor-element elementor-element-6ee3f117 elementor-widget elementor-widget-cs_title\" data-id=\"6ee3f117\" data-element_type=\"widget\" data-widget_type=\"cs_title.default\">\n\t\t\t\t<div class=\"elementor-widget-container\">\n\t\t\t\n        <div class=\"cs-title-wrap text-center\">\t            <div class=\"cs-subtitle-wrap\"><span class=\"cs-subtitle color-white\">SO YOU FEEL AT HOME<\/span><\/div>\t            <h1 class=\"cs-title\">\n\t                Our Tips\t            <\/h1>\t            <div class=\"cs-title-text\">\n\t                <p>Services Near You<\/p>\t            <\/div>        <\/div>\t\t<\/div>\n\t\t\t\t<\/div>\n\t\t\t\t\t<\/div>\n\t\t<\/div>\n\t\t\t\t\t<\/div>\n\t\t<\/section>\n\t\t\t\t<section class=\"elementor-section elementor-top-section elementor-element elementor-element-4e8d624 cs-section-content-fullwidth elementor-section-boxed elementor-section-height-default elementor-section-height-default\" data-id=\"4e8d624\" data-element_type=\"section\" data-settings=\"{&quot;background_background&quot;:&quot;classic&quot;}\">\n\t\t\t\t\t\t<div class=\"elementor-container elementor-column-gap-no\">\n\t\t\t\t\t<div class=\"elementor-column elementor-col-100 elementor-top-column elementor-element elementor-element-66d3ccb\" data-id=\"66d3ccb\" data-element_type=\"column\">\n\t\t\t<div class=\"elementor-widget-wrap elementor-element-populated\">\n\t\t\t\t\t\t<div class=\"elementor-element elementor-element-a67fc91 elementor-invisible elementor-widget elementor-widget-cs_title\" data-id=\"a67fc91\" data-element_type=\"widget\" data-settings=\"{&quot;_animation&quot;:&quot;fadeIn&quot;}\" data-widget_type=\"cs_title.default\">\n\t\t\t\t<div class=\"elementor-widget-container\">\n\t\t\t\n        <div class=\"cs-title-wrap text-center\">\t            <div class=\"cs-subtitle-wrap\"><span class=\"cs-subtitle\">get familiar with the area<\/span><\/div>\t            <h2 class=\"cs-title\">\n\t                For a perfect stay\t            <\/h2>\t            <div class=\"cs-title-text\">\n\t                <p>We tell you where to find basic services such as a pharmacy, supermarket, or bakery, as well as nearby restaurants and exclusive services.<\/p>\t            <\/div>        <\/div>\t\t<\/div>\n\t\t\t\t<\/div>\n\t\t\t\t\t<\/div>\n\t\t<\/div>\n\t\t\t\t\t<\/div>\n\t\t<\/section>\n\t\t\t\t<section class=\"elementor-section elementor-top-section elementor-element elementor-element-3813333 cs-section-content-fullwidth elementor-section-boxed elementor-section-height-default elementor-section-height-default\" data-id=\"3813333\" data-element_type=\"section\" data-settings=\"{&quot;background_background&quot;:&quot;classic&quot;}\">\n\t\t\t\t\t\t<div class=\"elementor-container elementor-column-gap-no\">\n\t\t\t\t\t<div class=\"elementor-column elementor-col-100 elementor-top-column elementor-element elementor-element-a75d665\" data-id=\"a75d665\" data-element_type=\"column\">\n\t\t\t<div class=\"elementor-widget-wrap elementor-element-populated\">\n\t\t\t\t\t\t<div class=\"elementor-element elementor-element-7e4849c cs-animation-small-offset elementor-invisible elementor-widget elementor-widget-cs_info_box\" data-id=\"7e4849c\" data-element_type=\"widget\" data-settings=\"{&quot;_animation&quot;:&quot;fadeInUp&quot;,&quot;_animation_delay&quot;:300}\" data-widget_type=\"cs_info_box.default\">\n\t\t\t\t<div class=\"elementor-widget-container\">\n\t\t\t\n\t\t\t<div class=\"cs-info-box column-5 valign-middle img-top text-center\">\n                <div class=\"cs-info-box-wrap\">                    <div class=\"cs-info-box-item elementor-repeater-item-305facb\">\n                    \t<div class=\"cs-item-container\">\t                        <div class=\"cs-info-box-img\"><svg aria-hidden=\"true\" class=\"e-font-icon-svg e-fas-bread-slice\" viewbox=\"0 0 576 512\" xmlns=\"http:\/\/www.w3.org\/2000\/svg\"><path d=\"M288 0C108 0 0 93.4 0 169.14 0 199.44 24.24 224 64 224v256c0 17.67 16.12 32 36 32h376c19.88 0 36-14.33 36-32V224c39.76 0 64-24.56 64-54.86C576 93.4 468 0 288 0z\"><\/path><\/svg>\t                        <\/div>\t                        <div class=\"cs-info-box-content\">\n\t                            <h5 class=\"cs-title cs-info-box-title\">Bakery\t\t\t\t\t\t\t\t<\/h5>\t                            \t<div class=\"cs-info-box-text\"><p>Just 5 minutes away, in the town of Robledo de Chavela.<\/p><\/div>\t\t                            <div class=\"cs-info-box-btn\">\n\t\t                                <a href=\"https:\/\/www.google.com\/maps?hl=en&#038;gl=es&#038;um=1&#038;ie=UTF-8&#038;fb=1&#038;sa=X&#038;geocode=Ke_scAKcqEENMUvqU2-rDeTf&#038;daddr=Pl.+de+Espa%C3%B1a,+13,+28294+Robledo+de+Chavela,+Madrid\" target=\"_blank\" class=\"button cs-btn-underline\">\n\t\t                                    <span class=\"cs-btn-text\">Take me there<\/span>\t\t                                <\/a>\n\t\t                            <\/div>\t                        <\/div>\t                    <\/div>\n                    <\/div>                    <div class=\"cs-info-box-item elementor-repeater-item-dfc87a3\">\n                    \t<div class=\"cs-item-container\">\t                        <div class=\"cs-info-box-img\"><i aria-hidden=\"true\" class=\"flaticon flaticon-shopping-cart\"><\/i>\t                        <\/div>\t                        <div class=\"cs-info-box-content\">\n\t                            <h5 class=\"cs-title cs-info-box-title\">Supermarket\t\t\t\t\t\t\t\t<\/h5>\t                            \t<div class=\"cs-info-box-text\"><p>The most convenient option is UNIDE, located 5 minutes from the house in Robledo de Chavela.<\/p><\/div>\t\t                            <div class=\"cs-info-box-btn\">\n\t\t                                <a href=\"https:\/\/www.google.com\/maps\/dir\/\/Unide,+Paseo+Emilio+Parra+Gasque,+Robledo+de+Chavela\/@40.5029351,-4.2771693,13z\/data=!4m8!4m7!1m0!1m5!1m1!1s0xd41a89c4bcd84e7:0x2c08383afa853e39!2m2!1d-4.2359923!2d40.5028416?entry=ttu\" target=\"_blank\" class=\"button cs-btn-underline\">\n\t\t                                    <span class=\"cs-btn-text\">Take me there<\/span>\t\t                                <\/a>\n\t\t                            <\/div>\t                        <\/div>\t                    <\/div>\n                    <\/div>                    <div class=\"cs-info-box-item elementor-repeater-item-ae57a46\">\n                    \t<div class=\"cs-item-container\">\t                        <div class=\"cs-info-box-img\"><i aria-hidden=\"true\" class=\"flaticon flaticon-barbecue\"><\/i>\t                        <\/div>\t                        <div class=\"cs-info-box-content\">\n\t                            <h5 class=\"cs-title cs-info-box-title\">Butcher Shop\t\t\t\t\t\t\t\t<\/h5>\t                            \t<div class=\"cs-info-box-text\"><p>The local butcher, Carnes de Cebreros, has delicious local meat and is only 5 minutes away.<\/p><\/div>\t\t                            <div class=\"cs-info-box-btn\">\n\t\t                                <a href=\"https:\/\/www.google.com\/maps\/dir\/\/Carnes+de+Cebreros,+Plaza+de+Espa%C3%B1a,+Cebreros\/@40.4551236,-4.5065482,13z\/data=!4m8!4m7!1m0!1m5!1m1!1s0xd4053ee64bf1597:0x82bbd982f5b89008!2m2!1d-4.4653034!2d40.4550882?entry=ttu\" target=\"_blank\" class=\"button cs-btn-underline\">\n\t\t                                    <span class=\"cs-btn-text\">Take me there<\/span>\t\t                                <\/a>\n\t\t                            <\/div>\t                        <\/div>\t                    <\/div>\n                    <\/div>                    <div class=\"cs-info-box-item elementor-repeater-item-7a07062\">\n                    \t<div class=\"cs-item-container\">\t                        <div class=\"cs-info-box-img\"><svg aria-hidden=\"true\" class=\"e-font-icon-svg e-fas-heartbeat\" viewbox=\"0 0 512 512\" xmlns=\"http:\/\/www.w3.org\/2000\/svg\"><path d=\"M320.2 243.8l-49.7 99.4c-6 12.1-23.4 11.7-28.9-.6l-56.9-126.3-30 71.7H60.6l182.5 186.5c7.1 7.3 18.6 7.3 25.7 0L451.4 288H342.3l-22.1-44.2zM473.7 73.9l-2.4-2.5c-51.5-52.6-135.8-52.6-187.4 0L256 100l-27.9-28.5c-51.5-52.7-135.9-52.7-187.4 0l-2.4 2.4C-10.4 123.7-12.5 203 31 256h102.4l35.9-86.2c5.4-12.9 23.6-13.2 29.4-.4l58.2 129.3 49-97.9c5.9-11.8 22.7-11.8 28.6 0l27.6 55.2H481c43.5-53 41.4-132.3-7.3-182.1z\"><\/path><\/svg>\t                        <\/div>\t                        <div class=\"cs-info-box-content\">\n\t                            <h5 class=\"cs-title cs-info-box-title\">Pharmacy\t\t\t\t\t\t\t\t<\/h5>\t                            \t<div class=\"cs-info-box-text\"><p>Chico Vicente Pharmacy is 5 minutes away in Robledo de Chavela.<\/p><\/div>\t\t                            <div class=\"cs-info-box-btn\">\n\t\t                                <a href=\"https:\/\/www.google.com\/maps\/dir\/\/P.%C2%BA+Emilio+Parra+Gasque,+20-26,+20-26,+28294+Robledo+de+Chavela,+Madrid\/@40.5039517,-4.3180997,12z\/data=!4m8!4m7!1m0!1m5!1m1!1s0xd41a93de1b1e2c9:0xcf035d4f0c2a6038!2m2!1d-4.2357081!2d40.5039828?entry=ttu\" target=\"_blank\" class=\"button cs-btn-underline\">\n\t\t                                    <span class=\"cs-btn-text\">Take me there<\/span>\t\t                                <\/a>\n\t\t                            <\/div>\t                        <\/div>\t                    <\/div>\n                    <\/div>                    <div class=\"cs-info-box-item elementor-repeater-item-0c00ca9\">\n                    \t<div class=\"cs-item-container\">\t                        <div class=\"cs-info-box-img\"><svg aria-hidden=\"true\" class=\"e-font-icon-svg e-fas-gas-pump\" viewbox=\"0 0 512 512\" xmlns=\"http:\/\/www.w3.org\/2000\/svg\"><path d=\"M336 448H16c-8.8 0-16 7.2-16 16v32c0 8.8 7.2 16 16 16h320c8.8 0 16-7.2 16-16v-32c0-8.8-7.2-16-16-16zm157.2-340.7l-81-81c-6.2-6.2-16.4-6.2-22.6 0l-11.3 11.3c-6.2 6.2-6.2 16.4 0 22.6L416 97.9V160c0 28.1 20.9 51.3 48 55.2V376c0 13.2-10.8 24-24 24s-24-10.8-24-24v-32c0-48.6-39.4-88-88-88h-8V64c0-35.3-28.7-64-64-64H96C60.7 0 32 28.7 32 64v352h288V304h8c22.1 0 40 17.9 40 40v27.8c0 37.7 27 72 64.5 75.9 43 4.3 79.5-29.5 79.5-71.7V152.6c0-17-6.8-33.3-18.8-45.3zM256 192H96V64h160v128z\"><\/path><\/svg>\t                        <\/div>\t                        <div class=\"cs-info-box-content\">\n\t                            <h5 class=\"cs-title cs-info-box-title\">Gas Station\t\t\t\t\t\t\t\t<\/h5>\t                            \t<div class=\"cs-info-box-text\"><p>10 minutes away<\/p><\/div>\t\t                            <div class=\"cs-info-box-btn\">\n\t\t                                <a href=\"https:\/\/www.google.com\/maps\/dir\/\/PLAZA+DE+JOSE+ANTONIO,+2,+28294+Robledo+de+Chavela,+Madrid\/@40.4986377,-4.3218179,12z\/data=!4m8!4m7!1m0!1m5!1m1!1s0xd41a898d8b4939d:0xbbd665f92943b883!2m2!1d-4.239417!2d40.498667?entry=ttu\" class=\"button cs-btn-underline\">\n\t\t                                    <span class=\"cs-btn-text\">Take me there<\/span>\t\t                                <\/a>\n\t\t                            <\/div>\t                        <\/div>\t                    <\/div>\n                    <\/div>                    <div class=\"cs-info-box-item elementor-repeater-item-3280172\">\n                    \t<div class=\"cs-item-container\">\t                        <div class=\"cs-info-box-img\"><i aria-hidden=\"true\" class=\"flaticon flaticon-food-service\"><\/i>\t                        <\/div>\t                        <div class=\"cs-info-box-content\">\n\t                            <h5 class=\"cs-title cs-info-box-title\">Homestyle Restaurant\t\t\t\t\t\t\t\t<\/h5>\t                            \t<div class=\"cs-info-box-text\"><p>El Duende Pacar\u00e1n offers a very tasty menu of the day and homemade food at affordable prices. It is located in Robledo de Chavela, 5 minutes away.<\/p><\/div>\t\t                            <div class=\"cs-info-box-btn\">\n\t\t                                <a href=\"https:\/\/www.google.com\/maps\/dir\/\/Restaurante+Pacaran,+Pl.+Bartolom%C3%A9+Murillo,+1,+28294+Robledo+de+Chavela,+Madrid\/@40.5019226,-4.2786486,13z\/data=!3m1!4b1!4m8!4m7!1m0!1m5!1m1!1s0xd41a93c07c3c691:0xd24b48f8a837b758!2m2!1d-4.2374766!2d40.5018358?entry=ttu\" target=\"_blank\" class=\"button cs-btn-underline\">\n\t\t                                    <span class=\"cs-btn-text\">Take me there<\/span>\t\t                                <\/a>\n\t\t                            <\/div>\t                        <\/div>\t                    <\/div>\n                    <\/div>                    <div class=\"cs-info-box-item elementor-repeater-item-265b2fa\">\n                    \t<div class=\"cs-item-container\">\t                        <div class=\"cs-info-box-img\"><i aria-hidden=\"true\" class=\"flaticon flaticon-food-service\"><\/i>\t                        <\/div>\t                        <div class=\"cs-info-box-content\">\n\t                            <h5 class=\"cs-title cs-info-box-title\">Gourmet Restaurant\t\t\t\t\t\t\t\t<\/h5>\t                            \t<div class=\"cs-info-box-text\"><p>Lavanda restaurant, in the rural hotel Los Cinco Enebros, offers sophisticated and delicious food. It's just a few minutes' walk away.<\/p><\/div>\t\t                            <div class=\"cs-info-box-btn\">\n\t\t                                <a href=\"https:\/\/www.google.com\/maps\/dir\/\/Restaurante+Lavanda,+Calle+de+Almenara,+Robledo+de+Chavela\/@40.5109234,-4.2988252,13z\/data=!3m1!4b1!4m8!4m7!1m0!1m5!1m1!1s0xd41a8f4096e8c19:0x83163a9b88e32e45!2m2!1d-4.2576256!2d40.5108655?entry=ttu\" target=\"_blank\" class=\"button cs-btn-underline\">\n\t\t                                    <span class=\"cs-btn-text\">Take me there<\/span>\t\t                                <\/a>\n\t\t                            <\/div>\t                        <\/div>\t                    <\/div>\n                    <\/div>                    <div class=\"cs-info-box-item elementor-repeater-item-0928825\">\n                    \t<div class=\"cs-item-container\">\t                        <div class=\"cs-info-box-img\"><i aria-hidden=\"true\" class=\"flaticon flaticon-food-service\"><\/i>\t                        <\/div>\t                        <div class=\"cs-info-box-content\">\n\t                            <h5 class=\"cs-title cs-info-box-title\">Private Chef\t\t\t\t\t\t\t\t<\/h5>\t                            \t<div class=\"cs-info-box-text\"><p>If you would like a private chef service to cook a delicious meal or dinner, contact us. The service is subject to chef availability.<\/p><\/div>\t\t                            <div class=\"cs-info-box-btn\">\n\t\t                                <a href=\"https:\/\/lanovenacasarural.com\/en\/contacto\/\" class=\"button cs-btn-underline\">\n\t\t                                    <span class=\"cs-btn-text\">Contact Us<\/span>\t\t                                <\/a>\n\t\t                            <\/div>\t                        <\/div>\t                    <\/div>\n                    <\/div>\t\t\t\t<\/div>\n\t\t\t<\/div>\t\t<\/div>\n\t\t\t\t<\/div>\n\t\t\t\t\t<\/div>\n\t\t<\/div>\n\t\t\t\t\t<\/div>\n\t\t<\/section>\n\t\t\t\t<\/div>","protected":false},"excerpt":{"rendered":"<p>PARA QUE TE SIENTAS COMO EN CASA Nuestros Consejos Servicios cerca de ti familiarizate con la zona Para una estancia perfecta Te decimos donde encontrar servicios b\u00e1sicos como una farmacia, supermercado o panader\u00eda, as\u00ed como restaurantes cercanos y servicios exclusivos. Panader\u00eda A solo 5 minutos, en el pueblo de Robledo de Chavela Ll\u00e9vame Supermercado La &#8230;<\/p>","protected":false},"author":1,"featured_media":0,"parent":0,"menu_order":0,"comment_status":"closed","ping_status":"closed","template":"","meta":{"cozystay_single_page_hide_site_header":"","cozystay_single_page_site_header_source":"","cozystay_single_page_custom_site_header":"0","cozystay_single_page_custom_sticky_site_header":"0","cozystay_single_page_hide_page_title":"on","cozystay_single_page_header_section_size":"","cozystay_single_page_header_background_color":"","cozystay_single_page_header_background_position_x":"center","cozystay_single_page_header_background_position_y":"center","cozystay_single_page_header_background_size":"cover","cozystay_single_page_header_background_repeat":"off","cozystay_single_page_header_background_scroll":"on","cozystay_single_page_header_text_color":"","cozystay_single_page_header_show_breadcrumb":"","cozystay_single_page_site_footer_hide_main":"","cozystay_single_custom_site_footer_main_source":"","cozystay_single_custom_site_footer_main":"0","cozystay_single_page_site_footer_hide_above":"","cozystay_single_custom_site_footer_above_source":"","cozystay_single_custom_site_footer_above":"0","cozystay_single_page_site_footer_hide_instagram":"","cozystay_single_page_site_footer_hide_bottom":"","cozystay_single_custom_mobile_menu_source":"","cozystay_single_custom_mobile_menu":"0","cozystay_single_custom_mobile_menu_animation":"","cozystay_single_custom_mobile_menu_width":"","cozystay_single_custom_mobile_menu_custom_width":375,"footnotes":""},"class_list":["post-2104","page","type-page","status-publish","hentry"],"yoast_head":"<!-- This site is optimized with the Yoast SEO plugin v22.6 - https:\/\/yoast.com\/wordpress\/plugins\/seo\/ -->\n<title>Consejos - La Novena Casa Rural<\/title>\n<meta name=\"description\" content=\"Escapa a nuestra casa rural en la monta\u00f1a a solo 1 hora de Madrid. Disfruta de la piscina, preciosas vistas y una zona protegida por su rica biodiversidad. \u00a1Reserva ahora!\" \/>\n<meta name=\"robots\" content=\"index, follow, max-snippet:-1, max-image-preview:large, max-video-preview:-1\" \/>\n<link rel=\"canonical\" href=\"https:\/\/lanovenacasarural.com\/en\/consejos\/\" \/>\n<meta property=\"og:locale\" content=\"en_GB\" \/>\n<meta property=\"og:type\" content=\"article\" \/>\n<meta property=\"og:title\" content=\"Consejos - La Novena Casa Rural\" \/>\n<meta property=\"og:description\" content=\"Escapa a nuestra casa rural en la monta\u00f1a a solo 1 hora de Madrid. Disfruta de la piscina, preciosas vistas y una zona protegida por su rica biodiversidad. \u00a1Reserva ahora!\" \/>\n<meta property=\"og:url\" content=\"https:\/\/lanovenacasarural.com\/en\/consejos\/\" \/>\n<meta property=\"og:site_name\" content=\"La Novena Casa Rural\" \/>\n<meta property=\"article:modified_time\" content=\"2025-03-07T20:40:49+00:00\" \/>\n<meta name=\"twitter:card\" content=\"summary_large_image\" \/>\n<meta name=\"twitter:label1\" content=\"Estimated reading time\" \/>\n\t<meta name=\"twitter:data1\" content=\"1 minute\" \/>\n<script type=\"application\/ld+json\" class=\"yoast-schema-graph\">{\"@context\":\"https:\/\/schema.org\",\"@graph\":[{\"@type\":\"WebPage\",\"@id\":\"https:\/\/lanovenacasarural.com\/consejos\/\",\"url\":\"https:\/\/lanovenacasarural.com\/consejos\/\",\"name\":\"Consejos - La Novena Casa Rural\",\"isPartOf\":{\"@id\":\"https:\/\/lanovenacasarural.com\/#website\"},\"datePublished\":\"2023-03-26T10:00:20+00:00\",\"dateModified\":\"2025-03-07T20:40:49+00:00\",\"description\":\"Escapa a nuestra casa rural en la monta\u00f1a a solo 1 hora de Madrid. Disfruta de la piscina, preciosas vistas y una zona protegida por su rica biodiversidad. \u00a1Reserva ahora!\",\"breadcrumb\":{\"@id\":\"https:\/\/lanovenacasarural.com\/consejos\/#breadcrumb\"},\"inLanguage\":\"en-GB\",\"potentialAction\":[{\"@type\":\"ReadAction\",\"target\":[\"https:\/\/lanovenacasarural.com\/consejos\/\"]}]},{\"@type\":\"BreadcrumbList\",\"@id\":\"https:\/\/lanovenacasarural.com\/consejos\/#breadcrumb\",\"itemListElement\":[{\"@type\":\"ListItem\",\"position\":1,\"name\":\"Home\",\"item\":\"https:\/\/lanovenacasarural.com\/\"},{\"@type\":\"ListItem\",\"position\":2,\"name\":\"Consejos\"}]},{\"@type\":\"WebSite\",\"@id\":\"https:\/\/lanovenacasarural.com\/#website\",\"url\":\"https:\/\/lanovenacasarural.com\/\",\"name\":\"La Novena Casa Rural\",\"description\":\"\",\"publisher\":{\"@id\":\"https:\/\/lanovenacasarural.com\/#organization\"},\"potentialAction\":[{\"@type\":\"SearchAction\",\"target\":{\"@type\":\"EntryPoint\",\"urlTemplate\":\"https:\/\/lanovenacasarural.com\/?s={search_term_string}\"},\"query-input\":\"required name=search_term_string\"}],\"inLanguage\":\"en-GB\"},{\"@type\":\"Organization\",\"@id\":\"https:\/\/lanovenacasarural.com\/#organization\",\"name\":\"La Novena Casa Rural\",\"url\":\"https:\/\/lanovenacasarural.com\/\",\"logo\":{\"@type\":\"ImageObject\",\"inLanguage\":\"en-GB\",\"@id\":\"https:\/\/lanovenacasarural.com\/#\/schema\/logo\/image\/\",\"url\":\"https:\/\/lanovenacasarural.com\/wp-content\/uploads\/2024\/05\/cropped-icon.png\",\"contentUrl\":\"https:\/\/lanovenacasarural.com\/wp-content\/uploads\/2024\/05\/cropped-icon.png\",\"width\":512,\"height\":512,\"caption\":\"La Novena Casa Rural\"},\"image\":{\"@id\":\"https:\/\/lanovenacasarural.com\/#\/schema\/logo\/image\/\"},\"sameAs\":[\"https:\/\/es-l.airbnb.com\/rooms\/51299981\"]}]}<\/script>\n<!-- \/ Yoast SEO plugin. -->","yoast_head_json":{"title":"Consejos - La Novena Casa Rural","description":"Escapa a nuestra casa rural en la monta\u00f1a a solo 1 hora de Madrid. Disfruta de la piscina, preciosas vistas y una zona protegida por su rica biodiversidad. \u00a1Reserva ahora!","robots":{"index":"index","follow":"follow","max-snippet":"max-snippet:-1","max-image-preview":"max-image-preview:large","max-video-preview":"max-video-preview:-1"},"canonical":"https:\/\/lanovenacasarural.com\/en\/consejos\/","og_locale":"en_GB","og_type":"article","og_title":"Consejos - La Novena Casa Rural","og_description":"Escapa a nuestra casa rural en la monta\u00f1a a solo 1 hora de Madrid. Disfruta de la piscina, preciosas vistas y una zona protegida por su rica biodiversidad. \u00a1Reserva ahora!","og_url":"https:\/\/lanovenacasarural.com\/en\/consejos\/","og_site_name":"La Novena Casa Rural","article_modified_time":"2025-03-07T20:40:49+00:00","twitter_card":"summary_large_image","twitter_misc":{"Estimated reading time":"1 minute"},"schema":{"@context":"https:\/\/schema.org","@graph":[{"@type":"WebPage","@id":"https:\/\/lanovenacasarural.com\/consejos\/","url":"https:\/\/lanovenacasarural.com\/consejos\/","name":"Consejos - La Novena Casa Rural","isPartOf":{"@id":"https:\/\/lanovenacasarural.com\/#website"},"datePublished":"2023-03-26T10:00:20+00:00","dateModified":"2025-03-07T20:40:49+00:00","description":"Escapa a nuestra casa rural en la monta\u00f1a a solo 1 hora de Madrid. Disfruta de la piscina, preciosas vistas y una zona protegida por su rica biodiversidad. \u00a1Reserva ahora!","breadcrumb":{"@id":"https:\/\/lanovenacasarural.com\/consejos\/#breadcrumb"},"inLanguage":"en-GB","potentialAction":[{"@type":"ReadAction","target":["https:\/\/lanovenacasarural.com\/consejos\/"]}]},{"@type":"BreadcrumbList","@id":"https:\/\/lanovenacasarural.com\/consejos\/#breadcrumb","itemListElement":[{"@type":"ListItem","position":1,"name":"Home","item":"https:\/\/lanovenacasarural.com\/"},{"@type":"ListItem","position":2,"name":"Consejos"}]},{"@type":"WebSite","@id":"https:\/\/lanovenacasarural.com\/#website","url":"https:\/\/lanovenacasarural.com\/","name":"La Novena Casa Rural","description":"","publisher":{"@id":"https:\/\/lanovenacasarural.com\/#organization"},"potentialAction":[{"@type":"SearchAction","target":{"@type":"EntryPoint","urlTemplate":"https:\/\/lanovenacasarural.com\/?s={search_term_string}"},"query-input":"required name=search_term_string"}],"inLanguage":"en-GB"},{"@type":"Organization","@id":"https:\/\/lanovenacasarural.com\/#organization","name":"La Novena Casa Rural","url":"https:\/\/lanovenacasarural.com\/","logo":{"@type":"ImageObject","inLanguage":"en-GB","@id":"https:\/\/lanovenacasarural.com\/#\/schema\/logo\/image\/","url":"https:\/\/lanovenacasarural.com\/wp-content\/uploads\/2024\/05\/cropped-icon.png","contentUrl":"https:\/\/lanovenacasarural.com\/wp-content\/uploads\/2024\/05\/cropped-icon.png","width":512,"height":512,"caption":"La Novena Casa Rural"},"image":{"@id":"https:\/\/lanovenacasarural.com\/#\/schema\/logo\/image\/"},"sameAs":["https:\/\/es-l.airbnb.com\/rooms\/51299981"]}]}},"_links":{"self":[{"href":"https:\/\/lanovenacasarural.com\/en\/wp-json\/wp\/v2\/pages\/2104","targetHints":{"allow":["GET"]}}],"collection":[{"href":"https:\/\/lanovenacasarural.com\/en\/wp-json\/wp\/v2\/pages"}],"about":[{"href":"https:\/\/lanovenacasarural.com\/en\/wp-json\/wp\/v2\/types\/page"}],"author":[{"embeddable":true,"href":"https:\/\/lanovenacasarural.com\/en\/wp-json\/wp\/v2\/users\/1"}],"replies":[{"embeddable":true,"href":"https:\/\/lanovenacasarural.com\/en\/wp-json\/wp\/v2\/comments?post=2104"}],"version-history":[{"count":52,"href":"https:\/\/lanovenacasarural.com\/en\/wp-json\/wp\/v2\/pages\/2104\/revisions"}],"predecessor-version":[{"id":3142,"href":"https:\/\/lanovenacasarural.com\/en\/wp-json\/wp\/v2\/pages\/2104\/revisions\/3142"}],"wp:attachment":[{"href":"https:\/\/lanovenacasarural.com\/en\/wp-json\/wp\/v2\/media?parent=2104"}],"curies":[{"name":"wp","href":"https:\/\/api.w.org\/{rel}","templated":true}]}}