{"id":2097,"date":"2023-03-26T09:58:52","date_gmt":"2023-03-26T09:58:52","guid":{"rendered":"https:\/\/cozystay.loftocean.com\/countryside-lodge\/?page_id=15"},"modified":"2024-05-15T19:30:19","modified_gmt":"2024-05-15T19:30:19","slug":"contacto","status":"publish","type":"page","link":"https:\/\/lanovenacasarural.com\/en\/contacto\/","title":{"rendered":"Contact us"},"content":{"rendered":"<div data-elementor-type=\"wp-page\" data-elementor-id=\"2097\" class=\"elementor elementor-2097\">\n\t\t\t\t\t\t<section class=\"elementor-section elementor-top-section elementor-element elementor-element-240370b7 elementor-section-height-min-height cs-section-content-fullwidth cs-parallax-on-scroll cs_scroll_y_80 elementor-section-boxed elementor-section-height-default elementor-section-items-middle\" data-id=\"240370b7\" data-element_type=\"section\" data-settings=\"{&quot;background_background&quot;:&quot;classic&quot;}\" data-cs-parallax-y=\"80\" style=\"background-image: none;\" data-cs-background-image=\"http:\/\/lanovenacasarural.com\/wp-content\/uploads\/2024\/05\/DSC09693-Edit.jpg\">\n\t\t\t\t\t\t\t<div class=\"elementor-background-overlay\"><\/div>\n\t\t\t\t\t\t\t<div class=\"elementor-container elementor-column-gap-no\">\n\t\t\t\t\t<div class=\"elementor-column elementor-col-100 elementor-top-column elementor-element elementor-element-1bbf704a dark-color\" data-id=\"1bbf704a\" data-element_type=\"column\">\n\t\t\t<div class=\"elementor-widget-wrap elementor-element-populated\">\n\t\t\t\t\t\t<div class=\"elementor-element elementor-element-33a9ef6d elementor-widget elementor-widget-cs_title\" data-id=\"33a9ef6d\" data-element_type=\"widget\" data-widget_type=\"cs_title.default\">\n\t\t\t\t<div class=\"elementor-widget-container\">\n\t\t\t\n        <div class=\"cs-title-wrap text-center\">\t            <div class=\"cs-subtitle-wrap\"><span class=\"cs-subtitle color-white\">we are in touch<\/span><\/div>\t            <h1 class=\"cs-title\">\n\t                Contact us\t            <\/h1>\t            <div class=\"cs-title-text\">\n\t                <p>Write to us or call us for anything you need.<\/p>\t            <\/div>        <\/div>\t\t<\/div>\n\t\t\t\t<\/div>\n\t\t\t\t\t<\/div>\n\t\t<\/div>\n\t\t\t\t\t<\/div>\n\t\t<\/section>\n\t\t\t\t<section class=\"elementor-section elementor-top-section elementor-element elementor-element-6574924 elementor-section-boxed elementor-section-height-default elementor-section-height-default\" data-id=\"6574924\" data-element_type=\"section\">\n\t\t\t\t\t\t<div class=\"elementor-container elementor-column-gap-no\">\n\t\t\t\t\t<div class=\"elementor-column elementor-col-100 elementor-top-column elementor-element elementor-element-edd30fc\" data-id=\"edd30fc\" data-element_type=\"column\">\n\t\t\t<div class=\"elementor-widget-wrap elementor-element-populated\">\n\t\t\t\t\t\t<div class=\"elementor-element elementor-element-26797e73 cs-animation-small-offset elementor-invisible elementor-widget elementor-widget-cs_title\" data-id=\"26797e73\" data-element_type=\"widget\" data-settings=\"{&quot;_animation&quot;:&quot;fadeInUp&quot;}\" data-widget_type=\"cs_title.default\">\n\t\t\t\t<div class=\"elementor-widget-container\">\n\t\t\t\n        <div class=\"cs-title-wrap text-center\">\t            <h4 class=\"cs-title\">\n\t                Stay at La Novena\t            <\/h4>\t            <div class=\"cs-title-text\">\n\t                <p>Would you like to spend a few days relaxing at our house? Do you feel like enjoying outdoor activities in the Sierra? Want to hold a work meeting in a tranquil setting? We would love to have you. Use our contact information or the form below to chat with us.<\/p>\t            <\/div>        <\/div>\t\t<\/div>\n\t\t\t\t<\/div>\n\t\t\t\t\t<\/div>\n\t\t<\/div>\n\t\t\t\t\t<\/div>\n\t\t<\/section>\n\t\t\t\t<section class=\"elementor-section elementor-top-section elementor-element elementor-element-1704cad cs-animation-small-offset elementor-section-boxed elementor-section-height-default elementor-section-height-default elementor-invisible\" data-id=\"1704cad\" data-element_type=\"section\" data-settings=\"{&quot;animation&quot;:&quot;fadeInUp&quot;,&quot;animation_delay&quot;:300}\">\n\t\t\t\t\t\t<div class=\"elementor-container elementor-column-gap-default\">\n\t\t\t\t\t<div class=\"elementor-column elementor-col-33 elementor-top-column elementor-element elementor-element-7af2866\" data-id=\"7af2866\" data-element_type=\"column\">\n\t\t\t<div class=\"elementor-widget-wrap elementor-element-populated\">\n\t\t\t\t\t\t<div class=\"elementor-element elementor-element-d8c0b0a elementor-view-default elementor-widget elementor-widget-icon\" data-id=\"d8c0b0a\" data-element_type=\"widget\" data-widget_type=\"icon.default\">\n\t\t\t\t<div class=\"elementor-widget-container\">\n\t\t\t\t\t<div class=\"elementor-icon-wrapper\">\n\t\t\t<div class=\"elementor-icon\">\n\t\t\t<svg aria-hidden=\"true\" class=\"e-font-icon-svg e-fab-whatsapp\" viewbox=\"0 0 448 512\" xmlns=\"http:\/\/www.w3.org\/2000\/svg\"><path d=\"M380.9 97.1C339 55.1 283.2 32 223.9 32c-122.4 0-222 99.6-222 222 0 39.1 10.2 77.3 29.6 111L0 480l117.7-30.9c32.4 17.7 68.9 27 106.1 27h.1c122.3 0 224.1-99.6 224.1-222 0-59.3-25.2-115-67.1-157zm-157 341.6c-33.2 0-65.7-8.9-94-25.7l-6.7-4-69.8 18.3L72 359.2l-4.4-7c-18.5-29.4-28.2-63.3-28.2-98.2 0-101.7 82.8-184.5 184.6-184.5 49.3 0 95.6 19.2 130.4 54.1 34.8 34.9 56.2 81.2 56.1 130.5 0 101.8-84.9 184.6-186.6 184.6zm101.2-138.2c-5.5-2.8-32.8-16.2-37.9-18-5.1-1.9-8.8-2.8-12.5 2.8-3.7 5.6-14.3 18-17.6 21.8-3.2 3.7-6.5 4.2-12 1.4-32.6-16.3-54-29.1-75.5-66-5.7-9.8 5.7-9.1 16.3-30.3 1.8-3.7.9-6.9-.5-9.7-1.4-2.8-12.5-30.1-17.1-41.2-4.5-10.8-9.1-9.3-12.5-9.5-3.2-.2-6.9-.2-10.6-.2-3.7 0-9.7 1.4-14.8 6.9-5.1 5.6-19.4 19-19.4 46.3 0 27.3 19.9 53.7 22.6 57.4 2.8 3.7 39.1 59.7 94.8 83.8 35.2 15.2 49 16.5 66.6 13.9 10.7-1.6 32.8-13.4 37.4-26.4 4.6-13 4.6-24.1 3.2-26.4-1.3-2.5-5-3.9-10.5-6.6z\"><\/path><\/svg>\t\t\t<\/div>\n\t\t<\/div>\n\t\t\t\t<\/div>\n\t\t\t\t<\/div>\n\t\t\t\t<div class=\"elementor-element elementor-element-c1b93cd elementor-widget elementor-widget-cs_title\" data-id=\"c1b93cd\" data-element_type=\"widget\" data-widget_type=\"cs_title.default\">\n\t\t\t\t<div class=\"elementor-widget-container\">\n\t\t\t\n        <div class=\"cs-title-wrap text-center\">\t            <h6 class=\"cs-title\">\n\t                Whatsapp\t            <\/h6>\t            <div class=\"cs-title-text\">\n\t                <p><a href=\"tel: 41223456689\">+<\/a>34 621 33 40 82<\/p>\t            <\/div>        <\/div>\t\t<\/div>\n\t\t\t\t<\/div>\n\t\t\t\t\t<\/div>\n\t\t<\/div>\n\t\t\t\t<div class=\"elementor-column elementor-col-33 elementor-top-column elementor-element elementor-element-be463cf\" data-id=\"be463cf\" data-element_type=\"column\">\n\t\t\t<div class=\"elementor-widget-wrap elementor-element-populated\">\n\t\t\t\t\t\t<div class=\"elementor-element elementor-element-a7364e8 elementor-view-default elementor-widget elementor-widget-icon\" data-id=\"a7364e8\" data-element_type=\"widget\" data-widget_type=\"icon.default\">\n\t\t\t\t<div class=\"elementor-widget-container\">\n\t\t\t\t\t<div class=\"elementor-icon-wrapper\">\n\t\t\t<div class=\"elementor-icon\">\n\t\t\t<svg aria-hidden=\"true\" class=\"e-font-icon-svg e-fas-map-marker-alt\" viewbox=\"0 0 384 512\" xmlns=\"http:\/\/www.w3.org\/2000\/svg\"><path d=\"M172.268 501.67C26.97 291.031 0 269.413 0 192 0 85.961 85.961 0 192 0s192 85.961 192 192c0 77.413-26.97 99.031-172.268 309.67-9.535 13.774-29.93 13.773-39.464 0zM192 272c44.183 0 80-35.817 80-80s-35.817-80-80-80-80 35.817-80 80 35.817 80 80 80z\"><\/path><\/svg>\t\t\t<\/div>\n\t\t<\/div>\n\t\t\t\t<\/div>\n\t\t\t\t<\/div>\n\t\t\t\t<div class=\"elementor-element elementor-element-ecd9c9e elementor-widget elementor-widget-cs_title\" data-id=\"ecd9c9e\" data-element_type=\"widget\" data-widget_type=\"cs_title.default\">\n\t\t\t\t<div class=\"elementor-widget-container\">\n\t\t\t\n        <div class=\"cs-title-wrap text-center\">\t            <h6 class=\"cs-title\">\n\t                find us\t            <\/h6>\t            <div class=\"cs-title-text\">\n\t                <p>C\/Cipr\u00e9s 665, 28294, Robledo de Chavela, Madrid<\/p>\t            <\/div>                <div class=\"cs-title-btn\">\n                    <a class=\"button elementor-button-link cs-btn-underline\" role=\"button\" href=\"https:\/\/www.google.com\/maps\/place\/Casa+rural+La+Novena\/@40.509556,-4.2639812,17z\/data=!3m1!4b1!4m6!3m5!1s0xd41a9125af188f5:0xa2ae03581611ef67!8m2!3d40.509552!4d-4.2614063!16s%2Fg%2F11vyv_3zwn?entry=ttu\" target=\"_blank\">\n                        <span class=\"cs-btn-text\">How to get here<\/span>                    <\/a>\n                <\/div>\n                    <\/div>\t\t<\/div>\n\t\t\t\t<\/div>\n\t\t\t\t\t<\/div>\n\t\t<\/div>\n\t\t\t\t<div class=\"elementor-column elementor-col-33 elementor-top-column elementor-element elementor-element-b413cd8\" data-id=\"b413cd8\" data-element_type=\"column\">\n\t\t\t<div class=\"elementor-widget-wrap elementor-element-populated\">\n\t\t\t\t\t\t<div class=\"elementor-element elementor-element-9df101e elementor-view-default elementor-widget elementor-widget-icon\" data-id=\"9df101e\" data-element_type=\"widget\" data-widget_type=\"icon.default\">\n\t\t\t\t<div class=\"elementor-widget-container\">\n\t\t\t\t\t<div class=\"elementor-icon-wrapper\">\n\t\t\t<div class=\"elementor-icon\">\n\t\t\t<svg aria-hidden=\"true\" class=\"e-font-icon-svg e-fas-envelope\" viewbox=\"0 0 512 512\" xmlns=\"http:\/\/www.w3.org\/2000\/svg\"><path d=\"M502.3 190.8c3.9-3.1 9.7-.2 9.7 4.7V400c0 26.5-21.5 48-48 48H48c-26.5 0-48-21.5-48-48V195.6c0-5 5.7-7.8 9.7-4.7 22.4 17.4 52.1 39.5 154.1 113.6 21.1 15.4 56.7 47.8 92.2 47.6 35.7.3 72-32.8 92.3-47.6 102-74.1 131.6-96.3 154-113.7zM256 320c23.2.4 56.6-29.2 73.4-41.4 132.7-96.3 142.8-104.7 173.4-128.7 5.8-4.5 9.2-11.5 9.2-18.9v-19c0-26.5-21.5-48-48-48H48C21.5 64 0 85.5 0 112v19c0 7.4 3.4 14.3 9.2 18.9 30.6 23.9 40.7 32.4 173.4 128.7 16.8 12.2 50.2 41.8 73.4 41.4z\"><\/path><\/svg>\t\t\t<\/div>\n\t\t<\/div>\n\t\t\t\t<\/div>\n\t\t\t\t<\/div>\n\t\t\t\t<div class=\"elementor-element elementor-element-236a441 elementor-widget elementor-widget-cs_title\" data-id=\"236a441\" data-element_type=\"widget\" data-widget_type=\"cs_title.default\">\n\t\t\t\t<div class=\"elementor-widget-container\">\n\t\t\t\n        <div class=\"cs-title-wrap text-center\">\t            <h6 class=\"cs-title\">\n\t                write us\t            <\/h6>\t            <div class=\"cs-title-text\">\n\t                <p>lanovenacasarural@gmail.com<\/p>\t            <\/div>        <\/div>\t\t<\/div>\n\t\t\t\t<\/div>\n\t\t\t\t\t<\/div>\n\t\t<\/div>\n\t\t\t\t\t<\/div>\n\t\t<\/section>\n\t\t\t\t<section class=\"elementor-section elementor-top-section elementor-element elementor-element-4c48541 elementor-section-boxed elementor-section-height-default elementor-section-height-default\" data-id=\"4c48541\" data-element_type=\"section\">\n\t\t\t\t\t\t<div class=\"elementor-container elementor-column-gap-no\">\n\t\t\t\t\t<div class=\"elementor-column elementor-col-100 elementor-top-column elementor-element elementor-element-e05ce55\" data-id=\"e05ce55\" data-element_type=\"column\">\n\t\t\t<div class=\"elementor-widget-wrap elementor-element-populated\">\n\t\t\t\t\t\t<div class=\"elementor-element elementor-element-aa89b5c elementor-widget elementor-widget-google_maps\" data-id=\"aa89b5c\" data-element_type=\"widget\" data-widget_type=\"google_maps.default\">\n\t\t\t\t<div class=\"elementor-widget-container\">\n\t\t\t<style>\/*! elementor - v3.21.0 - 08-05-2024 *\/\n.elementor-widget-google_maps .elementor-widget-container{overflow:hidden}.elementor-widget-google_maps .elementor-custom-embed{line-height:0}.elementor-widget-google_maps iframe{height:300px}<\/style>\t\t<div class=\"elementor-custom-embed\">\n\t\t\t<iframe loading=\"lazy\"\n\t\t\t\t\tsrc=\"https:\/\/maps.google.com\/maps?q=la%20novena%20casa%20rural&#038;t=m&#038;z=10&#038;output=embed&#038;iwloc=near\"\n\t\t\t\t\ttitle=\"la novena casa rural\"\n\t\t\t\t\taria-label=\"la novena casa rural\"\n\t\t\t><\/iframe>\n\t\t<\/div>\n\t\t\t\t<\/div>\n\t\t\t\t<\/div>\n\t\t\t\t\t<\/div>\n\t\t<\/div>\n\t\t\t\t\t<\/div>\n\t\t<\/section>\n\t\t\t\t<\/div>","protected":false},"excerpt":{"rendered":"<p>estamos en contacto Contacto Escr\u00edbenos o ll\u00e1manos para lo que necesites Qu\u00e9date en La Novena \u00bfTe gustar\u00eda pasar unos d\u00edas de relax en nuestra casa? \u00bfTe apetece disfrutar de actividades al aire libre en la Sierra? \u00bfQuieres celebrar una reuni\u00f3n de trabajo en un entorno tranquilo? Nos encantar\u00e1 recibirte. Usa nuestra informaci\u00f3n de contacto o &#8230;<\/p>","protected":false},"author":1,"featured_media":0,"parent":0,"menu_order":0,"comment_status":"closed","ping_status":"closed","template":"template-wide-content.php","meta":{"cozystay_single_page_hide_site_header":"","cozystay_single_page_site_header_source":"","cozystay_single_page_custom_site_header":"0","cozystay_single_page_custom_sticky_site_header":"0","cozystay_single_page_hide_page_title":"on","cozystay_single_page_header_section_size":"","cozystay_single_page_header_background_color":"","cozystay_single_page_header_background_position_x":"center","cozystay_single_page_header_background_position_y":"center","cozystay_single_page_header_background_size":"cover","cozystay_single_page_header_background_repeat":"off","cozystay_single_page_header_background_scroll":"on","cozystay_single_page_header_text_color":"","cozystay_single_page_header_show_breadcrumb":"","cozystay_single_page_site_footer_hide_main":"","cozystay_single_custom_site_footer_main_source":"","cozystay_single_custom_site_footer_main":"0","cozystay_single_page_site_footer_hide_above":"","cozystay_single_custom_site_footer_above_source":"","cozystay_single_custom_site_footer_above":"0","cozystay_single_page_site_footer_hide_instagram":"","cozystay_single_page_site_footer_hide_bottom":"","cozystay_single_custom_mobile_menu_source":"","cozystay_single_custom_mobile_menu":"0","cozystay_single_custom_mobile_menu_animation":"","cozystay_single_custom_mobile_menu_width":"","cozystay_single_custom_mobile_menu_custom_width":375,"footnotes":""},"class_list":["post-2097","page","type-page","status-publish","hentry"],"yoast_head":"<!-- This site is optimized with the Yoast SEO plugin v22.6 - https:\/\/yoast.com\/wordpress\/plugins\/seo\/ -->\n<title>Contacto - La Novena Casa Rural<\/title>\n<meta name=\"description\" content=\"Escapa a nuestra casa rural en la monta\u00f1a a solo 1 hora de Madrid. Disfruta de la piscina, preciosas vistas y una zona protegida por su rica biodiversidad. \u00a1Reserva ahora!\" \/>\n<meta name=\"robots\" content=\"index, follow, max-snippet:-1, max-image-preview:large, max-video-preview:-1\" \/>\n<link rel=\"canonical\" href=\"https:\/\/lanovenacasarural.com\/en\/contacto\/\" \/>\n<meta property=\"og:locale\" content=\"en_GB\" \/>\n<meta property=\"og:type\" content=\"article\" \/>\n<meta property=\"og:title\" content=\"Contacto - La Novena Casa Rural\" \/>\n<meta property=\"og:description\" content=\"Escapa a nuestra casa rural en la monta\u00f1a a solo 1 hora de Madrid. Disfruta de la piscina, preciosas vistas y una zona protegida por su rica biodiversidad. \u00a1Reserva ahora!\" \/>\n<meta property=\"og:url\" content=\"https:\/\/lanovenacasarural.com\/en\/contacto\/\" \/>\n<meta property=\"og:site_name\" content=\"La Novena Casa Rural\" \/>\n<meta property=\"article:modified_time\" content=\"2024-05-15T19:30:19+00:00\" \/>\n<meta name=\"twitter:card\" content=\"summary_large_image\" \/>\n<meta name=\"twitter:label1\" content=\"Estimated reading time\" \/>\n\t<meta name=\"twitter:data1\" content=\"1 minute\" \/>\n<script type=\"application\/ld+json\" class=\"yoast-schema-graph\">{\"@context\":\"https:\/\/schema.org\",\"@graph\":[{\"@type\":\"WebPage\",\"@id\":\"https:\/\/lanovenacasarural.com\/contacto\/\",\"url\":\"https:\/\/lanovenacasarural.com\/contacto\/\",\"name\":\"Contacto - La Novena Casa Rural\",\"isPartOf\":{\"@id\":\"https:\/\/lanovenacasarural.com\/#website\"},\"datePublished\":\"2023-03-26T09:58:52+00:00\",\"dateModified\":\"2024-05-15T19:30:19+00:00\",\"description\":\"Escapa a nuestra casa rural en la monta\u00f1a a solo 1 hora de Madrid. Disfruta de la piscina, preciosas vistas y una zona protegida por su rica biodiversidad. \u00a1Reserva ahora!\",\"breadcrumb\":{\"@id\":\"https:\/\/lanovenacasarural.com\/contacto\/#breadcrumb\"},\"inLanguage\":\"en-GB\",\"potentialAction\":[{\"@type\":\"ReadAction\",\"target\":[\"https:\/\/lanovenacasarural.com\/contacto\/\"]}]},{\"@type\":\"BreadcrumbList\",\"@id\":\"https:\/\/lanovenacasarural.com\/contacto\/#breadcrumb\",\"itemListElement\":[{\"@type\":\"ListItem\",\"position\":1,\"name\":\"Home\",\"item\":\"https:\/\/lanovenacasarural.com\/\"},{\"@type\":\"ListItem\",\"position\":2,\"name\":\"Contacto\"}]},{\"@type\":\"WebSite\",\"@id\":\"https:\/\/lanovenacasarural.com\/#website\",\"url\":\"https:\/\/lanovenacasarural.com\/\",\"name\":\"La Novena Casa Rural\",\"description\":\"\",\"publisher\":{\"@id\":\"https:\/\/lanovenacasarural.com\/#organization\"},\"potentialAction\":[{\"@type\":\"SearchAction\",\"target\":{\"@type\":\"EntryPoint\",\"urlTemplate\":\"https:\/\/lanovenacasarural.com\/?s={search_term_string}\"},\"query-input\":\"required name=search_term_string\"}],\"inLanguage\":\"en-GB\"},{\"@type\":\"Organization\",\"@id\":\"https:\/\/lanovenacasarural.com\/#organization\",\"name\":\"La Novena Casa Rural\",\"url\":\"https:\/\/lanovenacasarural.com\/\",\"logo\":{\"@type\":\"ImageObject\",\"inLanguage\":\"en-GB\",\"@id\":\"https:\/\/lanovenacasarural.com\/#\/schema\/logo\/image\/\",\"url\":\"https:\/\/lanovenacasarural.com\/wp-content\/uploads\/2024\/05\/cropped-icon.png\",\"contentUrl\":\"https:\/\/lanovenacasarural.com\/wp-content\/uploads\/2024\/05\/cropped-icon.png\",\"width\":512,\"height\":512,\"caption\":\"La Novena Casa Rural\"},\"image\":{\"@id\":\"https:\/\/lanovenacasarural.com\/#\/schema\/logo\/image\/\"},\"sameAs\":[\"https:\/\/es-l.airbnb.com\/rooms\/51299981\"]}]}<\/script>\n<!-- \/ Yoast SEO plugin. -->","yoast_head_json":{"title":"Contacto - La Novena Casa Rural","description":"Escapa a nuestra casa rural en la monta\u00f1a a solo 1 hora de Madrid. Disfruta de la piscina, preciosas vistas y una zona protegida por su rica biodiversidad. \u00a1Reserva ahora!","robots":{"index":"index","follow":"follow","max-snippet":"max-snippet:-1","max-image-preview":"max-image-preview:large","max-video-preview":"max-video-preview:-1"},"canonical":"https:\/\/lanovenacasarural.com\/en\/contacto\/","og_locale":"en_GB","og_type":"article","og_title":"Contacto - La Novena Casa Rural","og_description":"Escapa a nuestra casa rural en la monta\u00f1a a solo 1 hora de Madrid. Disfruta de la piscina, preciosas vistas y una zona protegida por su rica biodiversidad. \u00a1Reserva ahora!","og_url":"https:\/\/lanovenacasarural.com\/en\/contacto\/","og_site_name":"La Novena Casa Rural","article_modified_time":"2024-05-15T19:30:19+00:00","twitter_card":"summary_large_image","twitter_misc":{"Estimated reading time":"1 minute"},"schema":{"@context":"https:\/\/schema.org","@graph":[{"@type":"WebPage","@id":"https:\/\/lanovenacasarural.com\/contacto\/","url":"https:\/\/lanovenacasarural.com\/contacto\/","name":"Contacto - La Novena Casa Rural","isPartOf":{"@id":"https:\/\/lanovenacasarural.com\/#website"},"datePublished":"2023-03-26T09:58:52+00:00","dateModified":"2024-05-15T19:30:19+00:00","description":"Escapa a nuestra casa rural en la monta\u00f1a a solo 1 hora de Madrid. Disfruta de la piscina, preciosas vistas y una zona protegida por su rica biodiversidad. \u00a1Reserva ahora!","breadcrumb":{"@id":"https:\/\/lanovenacasarural.com\/contacto\/#breadcrumb"},"inLanguage":"en-GB","potentialAction":[{"@type":"ReadAction","target":["https:\/\/lanovenacasarural.com\/contacto\/"]}]},{"@type":"BreadcrumbList","@id":"https:\/\/lanovenacasarural.com\/contacto\/#breadcrumb","itemListElement":[{"@type":"ListItem","position":1,"name":"Home","item":"https:\/\/lanovenacasarural.com\/"},{"@type":"ListItem","position":2,"name":"Contacto"}]},{"@type":"WebSite","@id":"https:\/\/lanovenacasarural.com\/#website","url":"https:\/\/lanovenacasarural.com\/","name":"La Novena Casa Rural","description":"","publisher":{"@id":"https:\/\/lanovenacasarural.com\/#organization"},"potentialAction":[{"@type":"SearchAction","target":{"@type":"EntryPoint","urlTemplate":"https:\/\/lanovenacasarural.com\/?s={search_term_string}"},"query-input":"required name=search_term_string"}],"inLanguage":"en-GB"},{"@type":"Organization","@id":"https:\/\/lanovenacasarural.com\/#organization","name":"La Novena Casa Rural","url":"https:\/\/lanovenacasarural.com\/","logo":{"@type":"ImageObject","inLanguage":"en-GB","@id":"https:\/\/lanovenacasarural.com\/#\/schema\/logo\/image\/","url":"https:\/\/lanovenacasarural.com\/wp-content\/uploads\/2024\/05\/cropped-icon.png","contentUrl":"https:\/\/lanovenacasarural.com\/wp-content\/uploads\/2024\/05\/cropped-icon.png","width":512,"height":512,"caption":"La Novena Casa Rural"},"image":{"@id":"https:\/\/lanovenacasarural.com\/#\/schema\/logo\/image\/"},"sameAs":["https:\/\/es-l.airbnb.com\/rooms\/51299981"]}]}},"_links":{"self":[{"href":"https:\/\/lanovenacasarural.com\/en\/wp-json\/wp\/v2\/pages\/2097","targetHints":{"allow":["GET"]}}],"collection":[{"href":"https:\/\/lanovenacasarural.com\/en\/wp-json\/wp\/v2\/pages"}],"about":[{"href":"https:\/\/lanovenacasarural.com\/en\/wp-json\/wp\/v2\/types\/page"}],"author":[{"embeddable":true,"href":"https:\/\/lanovenacasarural.com\/en\/wp-json\/wp\/v2\/users\/1"}],"replies":[{"embeddable":true,"href":"https:\/\/lanovenacasarural.com\/en\/wp-json\/wp\/v2\/comments?post=2097"}],"version-history":[{"count":15,"href":"https:\/\/lanovenacasarural.com\/en\/wp-json\/wp\/v2\/pages\/2097\/revisions"}],"predecessor-version":[{"id":2872,"href":"https:\/\/lanovenacasarural.com\/en\/wp-json\/wp\/v2\/pages\/2097\/revisions\/2872"}],"wp:attachment":[{"href":"https:\/\/lanovenacasarural.com\/en\/wp-json\/wp\/v2\/media?parent=2097"}],"curies":[{"name":"wp","href":"https:\/\/api.w.org\/{rel}","templated":true}]}}